{"id":1443,"date":"2023-01-27T19:58:21","date_gmt":"2023-01-27T18:58:21","guid":{"rendered":"https:\/\/repensarelnegocio.com\/comunidad\/?page_id=1443"},"modified":"2023-02-24T20:17:52","modified_gmt":"2023-02-24T19:17:52","slug":"libros-para-reinventar-y-repensar-el-negocio","status":"publish","type":"page","link":"https:\/\/repensarelnegocio.com\/comunidad\/libros-para-reinventar-y-repensar-el-negocio\/","title":{"rendered":"Libros para reinventar y repensar el negocio"},"content":{"rendered":"\t\t<div data-elementor-type=\"wp-page\" data-elementor-id=\"1443\" class=\"elementor elementor-1443\" data-elementor-post-type=\"page\">\n\t\t\t\t\t\t<section class=\"elementor-section elementor-top-section elementor-element elementor-element-066b83a elementor-section-full_width elementor-section-stretched elementor-section-height-default elementor-section-height-default\" data-id=\"066b83a\" data-element_type=\"section\" data-e-type=\"section\" data-settings=\"{&quot;stretch_section&quot;:&quot;section-stretched&quot;}\">\n\t\t\t\t\t\t<div class=\"elementor-container elementor-column-gap-no\">\n\t\t\t\t\t<div class=\"elementor-column elementor-col-100 elementor-top-column elementor-element elementor-element-4e2c833\" data-id=\"4e2c833\" data-element_type=\"column\" data-e-type=\"column\">\n\t\t\t<div class=\"elementor-widget-wrap elementor-element-populated\">\n\t\t\t\t\t\t<div class=\"elementor-element elementor-element-5a9e795 elementor-widget elementor-widget-image\" data-id=\"5a9e795\" data-element_type=\"widget\" data-e-type=\"widget\" data-widget_type=\"image.default\">\n\t\t\t\t<div class=\"elementor-widget-container\">\n\t\t\t\t\t\t\t\t\t\t\t\t\t\t\t<img fetchpriority=\"high\" decoding=\"async\" width=\"1920\" height=\"407\" src=\"https:\/\/repensarelnegocio.com\/comunidad\/wp-content\/uploads\/2023\/02\/libros-recomendados.jpg\" class=\"attachment-full size-full wp-image-1566\" alt=\"\" srcset=\"https:\/\/repensarelnegocio.com\/comunidad\/wp-content\/uploads\/2023\/02\/libros-recomendados.jpg 1920w, https:\/\/repensarelnegocio.com\/comunidad\/wp-content\/uploads\/2023\/02\/libros-recomendados-300x64.jpg 300w, https:\/\/repensarelnegocio.com\/comunidad\/wp-content\/uploads\/2023\/02\/libros-recomendados-1024x217.jpg 1024w, https:\/\/repensarelnegocio.com\/comunidad\/wp-content\/uploads\/2023\/02\/libros-recomendados-768x163.jpg 768w, https:\/\/repensarelnegocio.com\/comunidad\/wp-content\/uploads\/2023\/02\/libros-recomendados-1536x326.jpg 1536w\" sizes=\"(max-width: 1920px) 100vw, 1920px\" \/>\t\t\t\t\t\t\t\t\t\t\t\t\t\t\t<\/div>\n\t\t\t\t<\/div>\n\t\t\t\t<div class=\"elementor-element elementor-element-8b97c2b elementor-widget elementor-widget-spacer\" data-id=\"8b97c2b\" data-element_type=\"widget\" data-e-type=\"widget\" data-widget_type=\"spacer.default\">\n\t\t\t\t<div class=\"elementor-widget-container\">\n\t\t\t\t\t\t\t<div class=\"elementor-spacer\">\n\t\t\t<div class=\"elementor-spacer-inner\"><\/div>\n\t\t<\/div>\n\t\t\t\t\t\t<\/div>\n\t\t\t\t<\/div>\n\t\t\t\t\t<\/div>\n\t\t<\/div>\n\t\t\t\t\t<\/div>\n\t\t<\/section>\n\t\t\t\t<section class=\"elementor-section elementor-top-section elementor-element elementor-element-180d346 elementor-section-boxed elementor-section-height-default elementor-section-height-default\" data-id=\"180d346\" data-element_type=\"section\" data-e-type=\"section\">\n\t\t\t\t\t\t<div class=\"elementor-container elementor-column-gap-default\">\n\t\t\t\t\t<div class=\"elementor-column elementor-col-25 elementor-top-column elementor-element elementor-element-b37016a\" data-id=\"b37016a\" data-element_type=\"column\" data-e-type=\"column\">\n\t\t\t<div class=\"elementor-widget-wrap\">\n\t\t\t\t\t\t\t<\/div>\n\t\t<\/div>\n\t\t\t\t<div class=\"elementor-column elementor-col-50 elementor-top-column elementor-element elementor-element-1ae0ce1\" data-id=\"1ae0ce1\" data-element_type=\"column\" data-e-type=\"column\" data-settings=\"{&quot;background_background&quot;:&quot;classic&quot;}\">\n\t\t\t<div class=\"elementor-widget-wrap elementor-element-populated\">\n\t\t\t\t\t\t<div class=\"elementor-element elementor-element-6a64cf0 elementor-widget elementor-widget-text-editor\" data-id=\"6a64cf0\" data-element_type=\"widget\" data-e-type=\"widget\" data-widget_type=\"text-editor.default\">\n\t\t\t\t<div class=\"elementor-widget-container\">\n\t\t\t\t\t\t\t\t\t<h3 style=\"text-align: center;\">Lecturas con ideas y reflexiones para inspirarte<\/h3><p style=\"text-align: center;\"><em><strong>Aprovecha la experiencia y conocimiento de otras personas para avanzar m\u00e1s r\u00e1pido en el repensamiento de tu negocio o actividad profesional<\/strong><\/em>. En esta Repiensateca hacemos una selecci\u00f3n de aquellos libros y publicaciones que nos han parecido realmente \u00fatiles para darle una vuelta a c\u00f3mo reenfocar lo que hacemos. Y si t\u00fa hubieras le\u00eddo un\u00a0 libro que te sirvi\u00f3 en tu viaje de cambio y repensamiento, <em><strong>cu\u00e9ntanoslo para compartirlo<\/strong><\/em>.<\/p>\t\t\t\t\t\t\t\t<\/div>\n\t\t\t\t<\/div>\n\t\t\t\t\t<\/div>\n\t\t<\/div>\n\t\t\t\t<div class=\"elementor-column elementor-col-25 elementor-top-column elementor-element elementor-element-58723dc\" data-id=\"58723dc\" data-element_type=\"column\" data-e-type=\"column\">\n\t\t\t<div class=\"elementor-widget-wrap\">\n\t\t\t\t\t\t\t<\/div>\n\t\t<\/div>\n\t\t\t\t\t<\/div>\n\t\t<\/section>\n\t\t\t\t<section class=\"elementor-section elementor-top-section elementor-element elementor-element-47a0d3c elementor-section-boxed elementor-section-height-default elementor-section-height-default\" data-id=\"47a0d3c\" data-element_type=\"section\" data-e-type=\"section\">\n\t\t\t\t\t\t<div class=\"elementor-container elementor-column-gap-default\">\n\t\t\t\t\t<div class=\"elementor-column elementor-col-100 elementor-top-column elementor-element elementor-element-a39ce25\" data-id=\"a39ce25\" data-element_type=\"column\" data-e-type=\"column\">\n\t\t\t<div class=\"elementor-widget-wrap elementor-element-populated\">\n\t\t\t\t\t\t<div class=\"elementor-element elementor-element-437276a elementor-grid-eael-col-5 elementor-widget__width-initial elementor-grid-tablet-eael-col-2 elementor-grid-mobile-eael-col-1 elementor-widget elementor-widget-eael-post-grid\" data-id=\"437276a\" data-element_type=\"widget\" data-e-type=\"widget\" data-settings=\"{&quot;eael_post_grid_columns&quot;:&quot;eael-col-5&quot;,&quot;eael_post_grid_columns_tablet&quot;:&quot;eael-col-2&quot;,&quot;eael_post_grid_columns_mobile&quot;:&quot;eael-col-1&quot;}\" data-widget_type=\"eael-post-grid.default\">\n\t\t\t\t<div class=\"elementor-widget-container\">\n\t\t\t\t\t<div id=\"eael-post-grid-437276a\" class=\"eael-post-grid-container\">\n            <div class=\"eael-post-grid eael-post-appender eael-post-appender-437276a eael-post-grid-style-one\" data-layout-mode=\"grid\"><article class=\"eael-grid-post  eael-post-grid-column eael-pg-post-1529 category-libros\" data-id=\"1529\">\n        <div class=\"eael-grid-post-holder\">\n            <div class=\"eael-grid-post-holder-inner\"><div class=\"eael-entry-media\"><div class=\"eael-entry-overlay none\"><i class=\"fas fa-long-arrow-alt-right\" aria-hidden=\"true\"><\/i><a href=\"https:\/\/repensarelnegocio.com\/comunidad\/libros\/como-innovar-sin-ser-google\/\"target=\"_blank\"><\/a><\/div><div class=\"eael-entry-thumbnail \">\n                <img decoding=\"async\" width=\"300\" height=\"234\" src=\"https:\/\/repensarelnegocio.com\/comunidad\/wp-content\/uploads\/2023\/02\/como-innovar-sin-ser-google-300x234.jpg\" class=\"attachment-medium size-medium wp-image-1535\" alt=\"\" srcset=\"https:\/\/repensarelnegocio.com\/comunidad\/wp-content\/uploads\/2023\/02\/como-innovar-sin-ser-google-300x234.jpg 300w, https:\/\/repensarelnegocio.com\/comunidad\/wp-content\/uploads\/2023\/02\/como-innovar-sin-ser-google.jpg 700w\" sizes=\"(max-width: 300px) 100vw, 300px\" \/>\n            <\/div>\n        <\/div><\/div>\n        <\/div>\n    <\/article><article class=\"eael-grid-post  eael-post-grid-column eael-pg-post-1555 category-libros\" data-id=\"1555\">\n        <div class=\"eael-grid-post-holder\">\n            <div class=\"eael-grid-post-holder-inner\"><div class=\"eael-entry-media\"><div class=\"eael-entry-overlay none\"><i class=\"fas fa-long-arrow-alt-right\" aria-hidden=\"true\"><\/i><a href=\"https:\/\/repensarelnegocio.com\/comunidad\/libros\/el-libro-negro-del-emprendedor\/\"target=\"_blank\"><\/a><\/div><div class=\"eael-entry-thumbnail \">\n                <img decoding=\"async\" width=\"200\" height=\"300\" src=\"https:\/\/repensarelnegocio.com\/comunidad\/wp-content\/uploads\/2023\/02\/fernando-trias-de-bes-el-libro-negro-del-emprendedor-1-200x300.jpg\" class=\"attachment-medium size-medium wp-image-1562\" alt=\"\" srcset=\"https:\/\/repensarelnegocio.com\/comunidad\/wp-content\/uploads\/2023\/02\/fernando-trias-de-bes-el-libro-negro-del-emprendedor-1-200x300.jpg 200w, https:\/\/repensarelnegocio.com\/comunidad\/wp-content\/uploads\/2023\/02\/fernando-trias-de-bes-el-libro-negro-del-emprendedor-1.jpg 600w\" sizes=\"(max-width: 200px) 100vw, 200px\" \/>\n            <\/div>\n        <\/div><\/div>\n        <\/div>\n    <\/article><article class=\"eael-grid-post  eael-post-grid-column eael-pg-post-1533 category-libros\" data-id=\"1533\">\n        <div class=\"eael-grid-post-holder\">\n            <div class=\"eael-grid-post-holder-inner\"><div class=\"eael-entry-media\"><div class=\"eael-entry-overlay none\"><i class=\"fas fa-long-arrow-alt-right\" aria-hidden=\"true\"><\/i><a href=\"https:\/\/repensarelnegocio.com\/comunidad\/libros\/roba-como-un-artista\/\"target=\"_blank\"><\/a><\/div><div class=\"eael-entry-thumbnail \">\n                <img loading=\"lazy\" decoding=\"async\" width=\"225\" height=\"300\" src=\"https:\/\/repensarelnegocio.com\/comunidad\/wp-content\/uploads\/2023\/01\/roba-como-un-artista-225x300.jpg\" class=\"attachment-medium size-medium wp-image-1446\" alt=\"roba como un artista\" srcset=\"https:\/\/repensarelnegocio.com\/comunidad\/wp-content\/uploads\/2023\/01\/roba-como-un-artista-225x300.jpg 225w, https:\/\/repensarelnegocio.com\/comunidad\/wp-content\/uploads\/2023\/01\/roba-como-un-artista.jpg 552w\" sizes=\"(max-width: 225px) 100vw, 225px\" \/>\n            <\/div>\n        <\/div><\/div>\n        <\/div>\n    <\/article><article class=\"eael-grid-post  eael-post-grid-column eael-pg-post-1610 category-libros\" data-id=\"1610\">\n        <div class=\"eael-grid-post-holder\">\n            <div class=\"eael-grid-post-holder-inner\"><div class=\"eael-entry-media\"><div class=\"eael-entry-overlay none\"><i class=\"fas fa-long-arrow-alt-right\" aria-hidden=\"true\"><\/i><a href=\"https:\/\/repensarelnegocio.com\/comunidad\/libros\/disenar-el-cambio\/\"target=\"_blank\"><\/a><\/div><div class=\"eael-entry-thumbnail \">\n                <img loading=\"lazy\" decoding=\"async\" width=\"240\" height=\"300\" src=\"https:\/\/repensarelnegocio.com\/comunidad\/wp-content\/uploads\/2023\/02\/disenar-el-cambio-tim-brown-240x300.jpg\" class=\"attachment-medium size-medium wp-image-1612\" alt=\"\" srcset=\"https:\/\/repensarelnegocio.com\/comunidad\/wp-content\/uploads\/2023\/02\/disenar-el-cambio-tim-brown-240x300.jpg 240w, https:\/\/repensarelnegocio.com\/comunidad\/wp-content\/uploads\/2023\/02\/disenar-el-cambio-tim-brown.jpg 400w\" sizes=\"(max-width: 240px) 100vw, 240px\" \/>\n            <\/div>\n        <\/div><\/div>\n        <\/div>\n    <\/article><\/div>\n            <div class=\"clearfix\"><\/div>\n        <\/div>            <div class=\"eael-load-more-button-wrap\">\n                <button class=\"eael-load-more-button\" id=\"eael-load-more-btn-437276a\" data-widget-id=\"437276a\" data-widget=\"437276a\" data-page-id=\"1443\" data-template=\"{&quot;dir&quot;:&quot;lite&quot;,&quot;file_name&quot;:&quot;one.php&quot;,&quot;name&quot;:&quot;Post-Grid&quot;}\" data-class=\"Essential_Addons_Elementor\\Elements\\Post_Grid\" data-layout=\"grid\" data-page=\"1\" data-args=\"orderby=rand&amp;order=desc&amp;ignore_sticky_posts=1&amp;post_status=publish&amp;posts_per_page=10&amp;offset=0&amp;post_type=libros&amp;tax_query%5B0%5D%5Btaxonomy%5D=category&amp;tax_query%5B0%5D%5Bfield%5D=term_id&amp;tax_query%5B0%5D%5Bterms%5D%5B0%5D=37&amp;tax_query%5Brelation%5D=AND\" data-max-page=\"2\">\n                    <span class=\"eael-btn-loader button__loader\"><\/span>\n                    <span class=\"eael_load_more_text\">Ver m\u00e1s libros<\/span>\n                <\/button>\n            <\/div>\n            \t\t\t\t<\/div>\n\t\t\t\t<\/div>\n\t\t\t\t\t<\/div>\n\t\t<\/div>\n\t\t\t\t\t<\/div>\n\t\t<\/section>\n\t\t\t\t<\/div>\n\t\t","protected":false},"excerpt":{"rendered":"<p>Lecturas con ideas y reflexiones para inspirarte Aprovecha la experiencia y conocimiento de otras personas para avanzar m\u00e1s r\u00e1pido en el repensamiento de tu negocio o actividad profesional. En esta Repiensateca hacemos una selecci\u00f3n de aquellos libros y publicaciones que nos han parecido realmente \u00fatiles para darle una vuelta a c\u00f3mo reenfocar lo que hacemos. [&hellip;]<\/p>\n","protected":false},"author":1,"featured_media":0,"parent":0,"menu_order":0,"comment_status":"closed","ping_status":"closed","template":"","meta":{"site-sidebar-layout":"no-sidebar","site-content-layout":"page-builder","ast-site-content-layout":"default","site-content-style":"default","site-sidebar-style":"default","ast-global-header-display":"","ast-banner-title-visibility":"","ast-main-header-display":"","ast-hfb-above-header-display":"","ast-hfb-below-header-display":"","ast-hfb-mobile-header-display":"","site-post-title":"disabled","ast-breadcrumbs-content":"","ast-featured-img":"disabled","footer-sml-layout":"","ast-disable-related-posts":"","theme-transparent-header-meta":"default","adv-header-id-meta":"","stick-header-meta":"","header-above-stick-meta":"","header-main-stick-meta":"","header-below-stick-meta":"","astra-migrate-meta-layouts":"default","ast-page-background-enabled":"default","ast-page-background-meta":{"desktop":{"background-color":"var(--ast-global-color-4)","background-image":"","background-repeat":"repeat","background-position":"center center","background-size":"auto","background-attachment":"scroll","background-type":"","background-media":"","overlay-type":"","overlay-color":"","overlay-opacity":"","overlay-gradient":""},"tablet":{"background-color":"","background-image":"","background-repeat":"repeat","background-position":"center center","background-size":"auto","background-attachment":"scroll","background-type":"","background-media":"","overlay-type":"","overlay-color":"","overlay-opacity":"","overlay-gradient":""},"mobile":{"background-color":"","background-image":"","background-repeat":"repeat","background-position":"center center","background-size":"auto","background-attachment":"scroll","background-type":"","background-media":"","overlay-type":"","overlay-color":"","overlay-opacity":"","overlay-gradient":""}},"ast-content-background-meta":{"desktop":{"background-color":"var(--ast-global-color-5)","background-image":"","background-repeat":"repeat","background-position":"center center","background-size":"auto","background-attachment":"scroll","background-type":"","background-media":"","overlay-type":"","overlay-color":"","overlay-opacity":"","overlay-gradient":""},"tablet":{"background-color":"var(--ast-global-color-5)","background-image":"","background-repeat":"repeat","background-position":"center center","background-size":"auto","background-attachment":"scroll","background-type":"","background-media":"","overlay-type":"","overlay-color":"","overlay-opacity":"","overlay-gradient":""},"mobile":{"background-color":"var(--ast-global-color-5)","background-image":"","background-repeat":"repeat","background-position":"center center","background-size":"auto","background-attachment":"scroll","background-type":"","background-media":"","overlay-type":"","overlay-color":"","overlay-opacity":"","overlay-gradient":""}},"footnotes":""},"class_list":["post-1443","page","type-page","status-publish","hentry"],"yoast_head":"<!-- This site is optimized with the Yoast SEO plugin v27.1.1 - https:\/\/yoast.com\/product\/yoast-seo-wordpress\/ -->\n<title>Libros para reinventar y repensar el negocio - Comunidad de ReThinkers<\/title>\n<meta name=\"robots\" content=\"index, follow, max-snippet:-1, max-image-preview:large, max-video-preview:-1\" \/>\n<link rel=\"canonical\" href=\"https:\/\/repensarelnegocio.com\/comunidad\/libros-para-reinventar-y-repensar-el-negocio\/\" \/>\n<meta property=\"og:locale\" content=\"es_ES\" \/>\n<meta property=\"og:type\" content=\"article\" \/>\n<meta property=\"og:title\" content=\"Libros para reinventar y repensar el negocio - Comunidad de ReThinkers\" \/>\n<meta property=\"og:description\" content=\"Lecturas con ideas y reflexiones para inspirarte Aprovecha la experiencia y conocimiento de otras personas para avanzar m\u00e1s r\u00e1pido en el repensamiento de tu negocio o actividad profesional. En esta Repiensateca hacemos una selecci\u00f3n de aquellos libros y publicaciones que nos han parecido realmente \u00fatiles para darle una vuelta a c\u00f3mo reenfocar lo que hacemos. [&hellip;]\" \/>\n<meta property=\"og:url\" content=\"https:\/\/repensarelnegocio.com\/comunidad\/libros-para-reinventar-y-repensar-el-negocio\/\" \/>\n<meta property=\"og:site_name\" content=\"Comunidad de ReThinkers\" \/>\n<meta property=\"article:modified_time\" content=\"2023-02-24T19:17:52+00:00\" \/>\n<meta property=\"og:image\" content=\"https:\/\/repensarelnegocio.com\/comunidad\/wp-content\/uploads\/2023\/02\/libros-recomendados.jpg\" \/>\n<meta name=\"twitter:card\" content=\"summary_large_image\" \/>\n<meta name=\"twitter:site\" content=\"@RepensarNegocio\" \/>\n<script type=\"application\/ld+json\" class=\"yoast-schema-graph\">{\"@context\":\"https:\/\/schema.org\",\"@graph\":[{\"@type\":\"WebPage\",\"@id\":\"https:\/\/repensarelnegocio.com\/comunidad\/libros-para-reinventar-y-repensar-el-negocio\/\",\"url\":\"https:\/\/repensarelnegocio.com\/comunidad\/libros-para-reinventar-y-repensar-el-negocio\/\",\"name\":\"Libros para reinventar y repensar el negocio - Comunidad de ReThinkers\",\"isPartOf\":{\"@id\":\"https:\/\/repensarelnegocio.com\/comunidad\/#website\"},\"primaryImageOfPage\":{\"@id\":\"https:\/\/repensarelnegocio.com\/comunidad\/libros-para-reinventar-y-repensar-el-negocio\/#primaryimage\"},\"image\":{\"@id\":\"https:\/\/repensarelnegocio.com\/comunidad\/libros-para-reinventar-y-repensar-el-negocio\/#primaryimage\"},\"thumbnailUrl\":\"https:\/\/repensarelnegocio.com\/comunidad\/wp-content\/uploads\/2023\/02\/libros-recomendados.jpg\",\"datePublished\":\"2023-01-27T18:58:21+00:00\",\"dateModified\":\"2023-02-24T19:17:52+00:00\",\"breadcrumb\":{\"@id\":\"https:\/\/repensarelnegocio.com\/comunidad\/libros-para-reinventar-y-repensar-el-negocio\/#breadcrumb\"},\"inLanguage\":\"es\",\"potentialAction\":[{\"@type\":\"ReadAction\",\"target\":[\"https:\/\/repensarelnegocio.com\/comunidad\/libros-para-reinventar-y-repensar-el-negocio\/\"]}]},{\"@type\":\"ImageObject\",\"inLanguage\":\"es\",\"@id\":\"https:\/\/repensarelnegocio.com\/comunidad\/libros-para-reinventar-y-repensar-el-negocio\/#primaryimage\",\"url\":\"https:\/\/repensarelnegocio.com\/comunidad\/wp-content\/uploads\/2023\/02\/libros-recomendados.jpg\",\"contentUrl\":\"https:\/\/repensarelnegocio.com\/comunidad\/wp-content\/uploads\/2023\/02\/libros-recomendados.jpg\",\"width\":1920,\"height\":407},{\"@type\":\"BreadcrumbList\",\"@id\":\"https:\/\/repensarelnegocio.com\/comunidad\/libros-para-reinventar-y-repensar-el-negocio\/#breadcrumb\",\"itemListElement\":[{\"@type\":\"ListItem\",\"position\":1,\"name\":\"Portada\",\"item\":\"https:\/\/repensarelnegocio.com\/comunidad\/\"},{\"@type\":\"ListItem\",\"position\":2,\"name\":\"Libros para reinventar y repensar el negocio\"}]},{\"@type\":\"WebSite\",\"@id\":\"https:\/\/repensarelnegocio.com\/comunidad\/#website\",\"url\":\"https:\/\/repensarelnegocio.com\/comunidad\/\",\"name\":\"Comunidad de ReThinkers\",\"description\":\"Pide y ofrece ayuda para repensar empresas y negocios\",\"publisher\":{\"@id\":\"https:\/\/repensarelnegocio.com\/comunidad\/#organization\"},\"alternateName\":\"Comunidad ReN\",\"potentialAction\":[{\"@type\":\"SearchAction\",\"target\":{\"@type\":\"EntryPoint\",\"urlTemplate\":\"https:\/\/repensarelnegocio.com\/comunidad\/?s={search_term_string}\"},\"query-input\":{\"@type\":\"PropertyValueSpecification\",\"valueRequired\":true,\"valueName\":\"search_term_string\"}}],\"inLanguage\":\"es\"},{\"@type\":\"Organization\",\"@id\":\"https:\/\/repensarelnegocio.com\/comunidad\/#organization\",\"name\":\"Repensar el Negocio - La Comunidad\",\"alternateName\":\"Comunidad ReThinkers\",\"url\":\"https:\/\/repensarelnegocio.com\/comunidad\/\",\"logo\":{\"@type\":\"ImageObject\",\"inLanguage\":\"es\",\"@id\":\"https:\/\/repensarelnegocio.com\/comunidad\/#\/schema\/logo\/image\/\",\"url\":\"https:\/\/repensarelnegocio.com\/comunidad\/wp-content\/uploads\/2023\/03\/logo-horizontal-300px.png\",\"contentUrl\":\"https:\/\/repensarelnegocio.com\/comunidad\/wp-content\/uploads\/2023\/03\/logo-horizontal-300px.png\",\"width\":1470,\"height\":433,\"caption\":\"Repensar el Negocio - La Comunidad\"},\"image\":{\"@id\":\"https:\/\/repensarelnegocio.com\/comunidad\/#\/schema\/logo\/image\/\"},\"sameAs\":[\"https:\/\/x.com\/RepensarNegocio\",\"https:\/\/www.youtube.com\/@repensarelnegocio_comunidad\",\"https:\/\/www.instagram.com\/repensar_el_negocio\/\"]}]}<\/script>\n<!-- \/ Yoast SEO plugin. -->","yoast_head_json":{"title":"Libros para reinventar y repensar el negocio - Comunidad de ReThinkers","robots":{"index":"index","follow":"follow","max-snippet":"max-snippet:-1","max-image-preview":"max-image-preview:large","max-video-preview":"max-video-preview:-1"},"canonical":"https:\/\/repensarelnegocio.com\/comunidad\/libros-para-reinventar-y-repensar-el-negocio\/","og_locale":"es_ES","og_type":"article","og_title":"Libros para reinventar y repensar el negocio - Comunidad de ReThinkers","og_description":"Lecturas con ideas y reflexiones para inspirarte Aprovecha la experiencia y conocimiento de otras personas para avanzar m\u00e1s r\u00e1pido en el repensamiento de tu negocio o actividad profesional. En esta Repiensateca hacemos una selecci\u00f3n de aquellos libros y publicaciones que nos han parecido realmente \u00fatiles para darle una vuelta a c\u00f3mo reenfocar lo que hacemos. [&hellip;]","og_url":"https:\/\/repensarelnegocio.com\/comunidad\/libros-para-reinventar-y-repensar-el-negocio\/","og_site_name":"Comunidad de ReThinkers","article_modified_time":"2023-02-24T19:17:52+00:00","og_image":[{"url":"https:\/\/repensarelnegocio.com\/comunidad\/wp-content\/uploads\/2023\/02\/libros-recomendados.jpg","type":"","width":"","height":""}],"twitter_card":"summary_large_image","twitter_site":"@RepensarNegocio","schema":{"@context":"https:\/\/schema.org","@graph":[{"@type":"WebPage","@id":"https:\/\/repensarelnegocio.com\/comunidad\/libros-para-reinventar-y-repensar-el-negocio\/","url":"https:\/\/repensarelnegocio.com\/comunidad\/libros-para-reinventar-y-repensar-el-negocio\/","name":"Libros para reinventar y repensar el negocio - Comunidad de ReThinkers","isPartOf":{"@id":"https:\/\/repensarelnegocio.com\/comunidad\/#website"},"primaryImageOfPage":{"@id":"https:\/\/repensarelnegocio.com\/comunidad\/libros-para-reinventar-y-repensar-el-negocio\/#primaryimage"},"image":{"@id":"https:\/\/repensarelnegocio.com\/comunidad\/libros-para-reinventar-y-repensar-el-negocio\/#primaryimage"},"thumbnailUrl":"https:\/\/repensarelnegocio.com\/comunidad\/wp-content\/uploads\/2023\/02\/libros-recomendados.jpg","datePublished":"2023-01-27T18:58:21+00:00","dateModified":"2023-02-24T19:17:52+00:00","breadcrumb":{"@id":"https:\/\/repensarelnegocio.com\/comunidad\/libros-para-reinventar-y-repensar-el-negocio\/#breadcrumb"},"inLanguage":"es","potentialAction":[{"@type":"ReadAction","target":["https:\/\/repensarelnegocio.com\/comunidad\/libros-para-reinventar-y-repensar-el-negocio\/"]}]},{"@type":"ImageObject","inLanguage":"es","@id":"https:\/\/repensarelnegocio.com\/comunidad\/libros-para-reinventar-y-repensar-el-negocio\/#primaryimage","url":"https:\/\/repensarelnegocio.com\/comunidad\/wp-content\/uploads\/2023\/02\/libros-recomendados.jpg","contentUrl":"https:\/\/repensarelnegocio.com\/comunidad\/wp-content\/uploads\/2023\/02\/libros-recomendados.jpg","width":1920,"height":407},{"@type":"BreadcrumbList","@id":"https:\/\/repensarelnegocio.com\/comunidad\/libros-para-reinventar-y-repensar-el-negocio\/#breadcrumb","itemListElement":[{"@type":"ListItem","position":1,"name":"Portada","item":"https:\/\/repensarelnegocio.com\/comunidad\/"},{"@type":"ListItem","position":2,"name":"Libros para reinventar y repensar el negocio"}]},{"@type":"WebSite","@id":"https:\/\/repensarelnegocio.com\/comunidad\/#website","url":"https:\/\/repensarelnegocio.com\/comunidad\/","name":"Comunidad de ReThinkers","description":"Pide y ofrece ayuda para repensar empresas y negocios","publisher":{"@id":"https:\/\/repensarelnegocio.com\/comunidad\/#organization"},"alternateName":"Comunidad ReN","potentialAction":[{"@type":"SearchAction","target":{"@type":"EntryPoint","urlTemplate":"https:\/\/repensarelnegocio.com\/comunidad\/?s={search_term_string}"},"query-input":{"@type":"PropertyValueSpecification","valueRequired":true,"valueName":"search_term_string"}}],"inLanguage":"es"},{"@type":"Organization","@id":"https:\/\/repensarelnegocio.com\/comunidad\/#organization","name":"Repensar el Negocio - La Comunidad","alternateName":"Comunidad ReThinkers","url":"https:\/\/repensarelnegocio.com\/comunidad\/","logo":{"@type":"ImageObject","inLanguage":"es","@id":"https:\/\/repensarelnegocio.com\/comunidad\/#\/schema\/logo\/image\/","url":"https:\/\/repensarelnegocio.com\/comunidad\/wp-content\/uploads\/2023\/03\/logo-horizontal-300px.png","contentUrl":"https:\/\/repensarelnegocio.com\/comunidad\/wp-content\/uploads\/2023\/03\/logo-horizontal-300px.png","width":1470,"height":433,"caption":"Repensar el Negocio - La Comunidad"},"image":{"@id":"https:\/\/repensarelnegocio.com\/comunidad\/#\/schema\/logo\/image\/"},"sameAs":["https:\/\/x.com\/RepensarNegocio","https:\/\/www.youtube.com\/@repensarelnegocio_comunidad","https:\/\/www.instagram.com\/repensar_el_negocio\/"]}]}},"_links":{"self":[{"href":"https:\/\/repensarelnegocio.com\/comunidad\/wp-json\/wp\/v2\/pages\/1443","targetHints":{"allow":["GET"]}}],"collection":[{"href":"https:\/\/repensarelnegocio.com\/comunidad\/wp-json\/wp\/v2\/pages"}],"about":[{"href":"https:\/\/repensarelnegocio.com\/comunidad\/wp-json\/wp\/v2\/types\/page"}],"author":[{"embeddable":true,"href":"https:\/\/repensarelnegocio.com\/comunidad\/wp-json\/wp\/v2\/users\/1"}],"replies":[{"embeddable":true,"href":"https:\/\/repensarelnegocio.com\/comunidad\/wp-json\/wp\/v2\/comments?post=1443"}],"version-history":[{"count":0,"href":"https:\/\/repensarelnegocio.com\/comunidad\/wp-json\/wp\/v2\/pages\/1443\/revisions"}],"wp:attachment":[{"href":"https:\/\/repensarelnegocio.com\/comunidad\/wp-json\/wp\/v2\/media?parent=1443"}],"curies":[{"name":"wp","href":"https:\/\/api.w.org\/{rel}","templated":true}]}}